{"id":20,"date":"2017-11-14T13:37:25","date_gmt":"2017-11-14T13:37:25","guid":{"rendered":"https:\/\/hrvatski-radio-otocac.hr\/radio\/?page_id=20"},"modified":"2026-03-02T08:52:38","modified_gmt":"2026-03-02T08:52:38","slug":"kontakt","status":"publish","type":"page","link":"https:\/\/hrvatski-radio-otocac.hr\/radio\/kontakt\/","title":{"rendered":"Impressum"},"content":{"rendered":"<p><span class=\"contact-street\"><strong>Hrvatski radio Oto\u010dac d.o.o.<\/strong> <\/span><\/p>\n<p><span class=\"contact-street\">Trg dr. Franje Tu\u0111mana 10 <\/span><\/p>\n<p><span class=\"contact-street\">Oto\u010dac 53220<\/span><\/p>\n<p><strong>OIB: 27773676196<\/strong><\/p>\n<p><a href=\"mailto:h.r.otocac@gmail.com\">h.r.otocac@gmail.com<\/a><\/p>\n<div class=\"contact-contactinfo\">\n<p><span class=\"jicons-text\"><strong>Redakcija &#8211; Marketing<\/strong> <\/span><\/p>\n<p><span class=\"jicons-text\">Telefon:\u00a0<\/span><strong><span class=\"contact-telephone\">385-53-773-073<\/span><\/strong><\/p>\n<p><strong>\u017diro-ra\u010dun:<\/strong>\u00a0PBZ \u2013 IBAN:\u00a0<strong>HR9623400091110018292<\/strong><\/p>\n<\/div>\n","protected":false},"excerpt":{"rendered":"<p>Hrvatski radio Oto\u010dac d.o.o. Trg dr. Franje Tu\u0111mana 10 Oto\u010dac 53220 OIB: 27773676196 h.r.otocac@gmail.com Redakcija &#8211; Marketing Telefon:\u00a0385-53-773-073 \u017diro-ra\u010dun:\u00a0PBZ \u2013[&#8230;]<\/p>\n","protected":false},"author":1,"featured_media":0,"parent":0,"menu_order":0,"comment_status":"closed","ping_status":"closed","template":"","meta":{"footnotes":""},"class_list":["post-20","page","type-page","status-publish","hentry"],"_links":{"self":[{"href":"https:\/\/hrvatski-radio-otocac.hr\/radio\/wp-json\/wp\/v2\/pages\/20","targetHints":{"allow":["GET"]}}],"collection":[{"href":"https:\/\/hrvatski-radio-otocac.hr\/radio\/wp-json\/wp\/v2\/pages"}],"about":[{"href":"https:\/\/hrvatski-radio-otocac.hr\/radio\/wp-json\/wp\/v2\/types\/page"}],"author":[{"embeddable":true,"href":"https:\/\/hrvatski-radio-otocac.hr\/radio\/wp-json\/wp\/v2\/users\/1"}],"replies":[{"embeddable":true,"href":"https:\/\/hrvatski-radio-otocac.hr\/radio\/wp-json\/wp\/v2\/comments?post=20"}],"version-history":[{"count":13,"href":"https:\/\/hrvatski-radio-otocac.hr\/radio\/wp-json\/wp\/v2\/pages\/20\/revisions"}],"predecessor-version":[{"id":4255,"href":"https:\/\/hrvatski-radio-otocac.hr\/radio\/wp-json\/wp\/v2\/pages\/20\/revisions\/4255"}],"wp:attachment":[{"href":"https:\/\/hrvatski-radio-otocac.hr\/radio\/wp-json\/wp\/v2\/media?parent=20"}],"curies":[{"name":"wp","href":"https:\/\/api.w.org\/{rel}","templated":true}]}}