{"id":7,"date":"2017-11-14T13:34:37","date_gmt":"2017-11-14T13:34:37","guid":{"rendered":"https:\/\/hrvatski-radio-otocac.hr\/radio\/?page_id=7"},"modified":"2017-11-15T15:09:40","modified_gmt":"2017-11-15T15:09:40","slug":"o-radiju","status":"publish","type":"page","link":"https:\/\/hrvatski-radio-otocac.hr\/radio\/o-radiju\/","title":{"rendered":"O radiju"},"content":{"rendered":"<p>Radio Oto\u010dac po\u010deo je raditi 2. kolovoza 1966.g. i time se svrstao me\u0111u starije radio postaje u Hrvatskoj. Ubrzo se ustalio dnevni program u trajanju od tri sata. Informativni, obrazovni, glazbeno \u2013 zabavni sadr\u017eaji bili su temeljna orijentacija programske ekipe radija sve do po\u010detka Domovinskog rata. Tada\u0161nja radio stanica djelovala je u sastavu Narodnog sveu\u010dili\u0161ta Oto\u010dac.Osim osnovne zada\u0107e dnevnog informiranja o dru\u0161tvenim zbivanjima u tada\u0161njoj op\u0107ini Oto\u010dac, radio po\u010detkom devedesetih godina dobiva neku novu ulogu.<\/p>\n<p>Ratna razaranja grada, organizirani po\u010deci obrane, osnivanje Kriznog \u0161taba i organizacija \u017eivota u ratnim uvjetima sastavnim su dijelom ratne svakodnevnice grada o kojima izvje\u0161tava lokalni radio. Radio se tada \u201evi\u0161e ne gasi\u201c, po\u010dinje s emitiranjem programa u\u017eivo, no\u0107nog programa za branitelje u rovovima, radio di\u0161e sa gradom u patnji, prkosu, ponosu\u2026<\/p>\n<p>Izboren je tada i naziv Hrvatski radio Oto\u010dac, dobivena je i kasnija borba za frekvencije uz potporu brojnog slu\u0161ateljstva (8000 potpisa peticije slu\u0161atelja iz Oto\u010dca, okolice i Hrvatskog primorja koje \u010duvamo u na\u0161oj radijskoj arhivi).<\/p>\n<p>Radio ostaje i dalje vjerujemo va\u017enim sudionikom svih doga\u0111anja u Oto\u010dcu i \u0161irem okru\u017eenju. Sada\u0161njom koncesijom \u0161ire gradske razine nastojimo ostvarivati svoju javnu ulogu kroz pravodobnu, istinitu, objektivnu informaciju, ne samo kao pasivni kroni\u010dar ve\u0107 \u017eivi organizam koji stvara i poti\u010de, a koliko u tome uspijevamo ostaje javnosti i na\u0161im slu\u0161ateljima na ocjenu.<br \/>\nJedina stalnost u radu kao i svakodnevnom \u017eivotu su mijene, s bogatstvom svojih te\u0161kih ali i lijepih trenutaka.<\/p>\n<p>Obi\u010dno ka\u017eemo rije\u010di prolete radio valovima, one upe\u010datljivije ostaju mo\u017eda negdje u ladicama sje\u0107anja\u2026 zahvaljujemo svim kolegama i suradnicima koji su svojim rije\u010dima, potporom i djelima ostavili traga i kroz na\u0161ih 46 radijskih godina.<\/p>\n<p>Po\u0161tovani slu\u0161atelji svakako hvala i vama koji ste svoje vrijeme provodili ili provodite uz radio ponekada ljute\u0107i se, katkada smiju\u0107i se, raduju\u0107i, iznena\u0111uju\u0107i \u2026jer sve je to dio zajedni\u010dkog \u017eivota.<\/p>\n<p>Jedina \u017eelja je da glas va\u0161eg i na\u0161eg Hrvatskog radio Oto\u010dca traje i daleko u budu\u0107nosti\u2026<\/p>\n<h3><strong>NA\u0160A OBAVEZA<\/strong><\/h3>\n<p>Zaposlenici Hrvatskog radio Oto\u010dca svojom obavezom smatraju ustrajnost na o\u010duvanju lokalnog identiteta i svega onog \u0161to su stvarale generacije prije nas s obzirom na gotovo polustoljetnu tradiciju djelovanja lokalnog radija u Oto\u010dcu<\/p>\n<h3><strong>VIZIJA<\/strong><\/h3>\n<p>Hrvatski radio Oto\u010dac \u017eeli zadr\u017eati poziciju dobre slu\u0161anosti na koncesijskom podru\u010dju \/ \u0161ire podru\u010dje Grada\/. \u017delimo ostati prepoznatljivi po sadr\u017eajima koje nudimo slu\u0161ateljima \u2013 lokalnom informativnom programu, radom na o\u010duvanju kulturno povijesne, materijalne i nematerijalne ba\u0161tine, afirmaciji lokalnih tradicijskih vrijednosti \u2013stvarala\u0161tva, turizma, gastronomije, za\u0161tite okoli\u0161a, ukazivanju na pozitivne ali i negativne dru\u0161tvene pojave.<\/p>\n<h3><strong>MISIJA<\/strong><\/h3>\n<p>Hrvatski radio Oto\u010dac je subjekt od posebnog dru\u0161tvenog interesa za lokalnu zajednicu. Djelujemo kao trgova\u010dko dru\u0161tvo nastoje\u0107i ostvarivati prihode za redovno poslovanje. Odgovorno i u cijelosti nastojimo pravovremeno izvr\u0161avati obaveze sukladno Zakonu o elektroni\u010dkim medijima. \u017delimo i dalje razvijati osnovnu djelatnost &#8211; proizvodnju i emitiranje radijskog programa, time i razvijati kreativne potencijale usmjeravaju\u0107i ih na kontinuirano unapre\u0111enje programskih sadr\u017eaja. Uvijek spremni reagirati u svim izvanrednim okolnostima.<\/p>\n<h3><strong>DUGORO\u010cNI POSLOVNI CILJEVI<\/strong><\/h3>\n<p>* ostvarenje zadovoljavaju\u0107ih poslovnih rezultata<\/p>\n<p>* odr\u017eanje i pove\u0107anje slu\u0161anosti<\/p>\n<p>* pobolj\u0161anje tehnolo\u0161ke i programske kvalitete<\/p>\n<p>* promocija zavi\u010dajnih vrijednosti<\/p>\n<p>* razvoj kreativnosti<\/p>\n<p>&nbsp;<\/p>\n<p><strong>direktorica<\/strong><\/p>\n<p><em>Ru\u017ea Ore\u0161kovi\u0107, prof.<\/em><\/p>\n","protected":false},"excerpt":{"rendered":"<p>Radio Oto\u010dac po\u010deo je raditi 2. kolovoza 1966.g. i time se svrstao me\u0111u starije radio postaje u Hrvatskoj. Ubrzo se[&#8230;]<\/p>\n","protected":false},"author":1,"featured_media":0,"parent":0,"menu_order":0,"comment_status":"closed","ping_status":"closed","template":"template-slider.php","meta":{"footnotes":""},"class_list":["post-7","page","type-page","status-publish","hentry"],"_links":{"self":[{"href":"https:\/\/hrvatski-radio-otocac.hr\/radio\/wp-json\/wp\/v2\/pages\/7","targetHints":{"allow":["GET"]}}],"collection":[{"href":"https:\/\/hrvatski-radio-otocac.hr\/radio\/wp-json\/wp\/v2\/pages"}],"about":[{"href":"https:\/\/hrvatski-radio-otocac.hr\/radio\/wp-json\/wp\/v2\/types\/page"}],"author":[{"embeddable":true,"href":"https:\/\/hrvatski-radio-otocac.hr\/radio\/wp-json\/wp\/v2\/users\/1"}],"replies":[{"embeddable":true,"href":"https:\/\/hrvatski-radio-otocac.hr\/radio\/wp-json\/wp\/v2\/comments?post=7"}],"version-history":[{"count":5,"href":"https:\/\/hrvatski-radio-otocac.hr\/radio\/wp-json\/wp\/v2\/pages\/7\/revisions"}],"predecessor-version":[{"id":232,"href":"https:\/\/hrvatski-radio-otocac.hr\/radio\/wp-json\/wp\/v2\/pages\/7\/revisions\/232"}],"wp:attachment":[{"href":"https:\/\/hrvatski-radio-otocac.hr\/radio\/wp-json\/wp\/v2\/media?parent=7"}],"curies":[{"name":"wp","href":"https:\/\/api.w.org\/{rel}","templated":true}]}}