{"id":75,"date":"2017-11-14T15:06:01","date_gmt":"2017-11-14T15:06:01","guid":{"rendered":"https:\/\/hrvatski-radio-otocac.hr\/radio\/?page_id=75"},"modified":"2026-04-01T17:54:03","modified_gmt":"2026-04-01T17:54:03","slug":"nas-tim","status":"publish","type":"page","link":"https:\/\/hrvatski-radio-otocac.hr\/radio\/nas-tim\/","title":{"rendered":"Na\u0161 tim"},"content":{"rendered":"\n<p><strong>Bla\u017eenka Barkovi\u0107<\/strong> &#8211; direktor &#8211; glazbeni urednik &#8211; voditelj &#8211; realizator<\/p>\n\n\n\n<p><a href=\"mailto:h.r.otocac@gmail.com\">h.r.otocac@gmail.com<\/a><\/p>\n\n\n\n<p><\/p>\n\n\n\n<p><strong>Sanja Krmec Tonkovi\u0107<\/strong> &#8211;&nbsp;glavni urednik &#8211; novinar urednik<\/p>\n\n\n\n<p><a href=\"mailto:h.r.otocac@gmail.com\">h.r.otocac@gmail.com<\/a><\/p>\n\n\n\n<p><\/p>\n\n\n\n<p><strong>Josipa Jergovi\u0107 Baklai\u0107 &#8211;<\/strong> novinar urednik<\/p>\n\n\n\n<p><a href=\"mailto:h.r.otocac@gmail.com\">h.r.otocac@gmail.com<\/a><\/p>\n\n\n\n<p><\/p>\n\n\n\n<p><strong>Zvonimir Tonkovi\u0107<\/strong> &#8211; voditelj &#8211; realizator <\/p>\n\n\n\n<p><a href=\"mailto:h.r.otocac@gmail.com\">h.r.otocac@gmail.com<\/a><\/p>\n\n\n\n<p><\/p>\n\n\n\n<p><\/p>\n\n\n\n<p><\/p>\n\n\n\n<p><\/p>\n\n\n\n<p><\/p>\n","protected":false},"excerpt":{"rendered":"<p>Bla\u017eenka Barkovi\u0107 &#8211; direktor &#8211; glazbeni urednik &#8211; voditelj &#8211; realizator h.r.otocac@gmail.com Sanja Krmec Tonkovi\u0107 &#8211;&nbsp;glavni urednik &#8211; novinar urednik[&#8230;]<\/p>\n","protected":false},"author":1,"featured_media":0,"parent":0,"menu_order":0,"comment_status":"closed","ping_status":"closed","template":"template-slider.php","meta":{"footnotes":""},"class_list":["post-75","page","type-page","status-publish","hentry"],"_links":{"self":[{"href":"https:\/\/hrvatski-radio-otocac.hr\/radio\/wp-json\/wp\/v2\/pages\/75","targetHints":{"allow":["GET"]}}],"collection":[{"href":"https:\/\/hrvatski-radio-otocac.hr\/radio\/wp-json\/wp\/v2\/pages"}],"about":[{"href":"https:\/\/hrvatski-radio-otocac.hr\/radio\/wp-json\/wp\/v2\/types\/page"}],"author":[{"embeddable":true,"href":"https:\/\/hrvatski-radio-otocac.hr\/radio\/wp-json\/wp\/v2\/users\/1"}],"replies":[{"embeddable":true,"href":"https:\/\/hrvatski-radio-otocac.hr\/radio\/wp-json\/wp\/v2\/comments?post=75"}],"version-history":[{"count":30,"href":"https:\/\/hrvatski-radio-otocac.hr\/radio\/wp-json\/wp\/v2\/pages\/75\/revisions"}],"predecessor-version":[{"id":4260,"href":"https:\/\/hrvatski-radio-otocac.hr\/radio\/wp-json\/wp\/v2\/pages\/75\/revisions\/4260"}],"wp:attachment":[{"href":"https:\/\/hrvatski-radio-otocac.hr\/radio\/wp-json\/wp\/v2\/media?parent=75"}],"curies":[{"name":"wp","href":"https:\/\/api.w.org\/{rel}","templated":true}]}}